{"id":4686,"date":"2024-09-18T11:23:03","date_gmt":"2024-09-18T11:23:03","guid":{"rendered":"http:\/\/amer.bilkent.edu.tr\/?page_id=4686"},"modified":"2024-09-18T11:30:53","modified_gmt":"2024-09-18T11:30:53","slug":"where-amer-students-have-interned-in-the-past","status":"publish","type":"page","link":"http:\/\/amer.bilkent.edu.tr\/index.php\/where-amer-students-have-interned-in-the-past\/","title":{"rendered":"Where AMER students have interned in the past"},"content":{"rendered":"<p>3AR Enerji Kimya Dan\u0131\u015fmanl\u0131k<br \/>\nADDS Di\u015fli D\u00f6vme \u0130malat Otomotiv San. ve Tic.LTD.\u015eT\u0130.<br \/>\nADECCO<br \/>\nAGE Bilgisayar Sistem Otomaston Faliyetleri SAN. ve T\u0130C. LTD. \u015eT\u0130:<br \/>\nAlinn Otel- Sinop<br \/>\nAmerican B\u00fcy\u00fckel\u00e7ili\u011fi<br \/>\nAyakizi Akademi Ticaret ve San. Lti. \u015eti.<br \/>\nBa\u015far\u0131r Hotel<br \/>\nBayramo\u011flu T\u00fct\u00fcn Da\u011f\u0131t\u0131m G\u0131da \u0130n\u015f. San. ve Tic. Ltd.<br \/>\nBilkent Otel<br \/>\nB ve S Yap\u0131 \u00dcr\u00fcnleri<br \/>\nCansoy Medikal<br \/>\nCem \u015eahin- Kitap M\u00fcptelas\u0131<br \/>\n\u00c7evik Terc\u00fcme &#8211; Kayseri<br \/>\nComparative Research Network- Berlin<br \/>\nCSY Arge ve M\u00fch. Mimarl\u0131k Dan\u0131\u015fmanl\u0131k<br \/>\nDEICO M\u00fch. Tas. \u0130n\u015f. San. ve Tic. A.\u015e.<br \/>\nDestan Demir \u00c7elik San. ve Tic. Ltd. \u015eti,<br \/>\nD\u0131\u015f \u0130\u015fleri Bakanl\u0131\u011f\u0131- Ara\u015ft\u0131rma Merkezi<br \/>\nD\u0131\u015f \u0130\u015fleri Bakanl\u0131\u011f\u0131 Avrupa Birli\u011fi Ba\u015fkanl\u0131\u011f\u0131<br \/>\nENA FARMA Sa\u011fl\u0131k \u00dcr\u00fcnleri A.\u015e.<br \/>\nEuropen End\u00fcstri \u0130n\u015faat ve San. Tic. A.\u015e.<br \/>\nFAOSEC Ankara<br \/>\nF\u0131rat Terc\u00fcme<br \/>\nFora Grup Savunma Tek. ve Dan. Tic<br \/>\nGS Yuasa Cratin the Future of Energy<br \/>\nG\u00fcngen Denizcilik ve Ticaret A.\u015e.<br \/>\nHalley Otel<br \/>\n\u0130karus Terc\u00fcme Ltd. \u015eti.<br \/>\n\u0130NC\u0130 GS YUASA Ak\u00fc. San. ve Tic. A.\u015e.<br \/>\n\u0130nova \u0130leti\u015fim Reklam ve Yay\u0131nc\u0131l\u0131k Hiz. Ltd. \u015eti.<br \/>\n\u0130T\u00dc Teknopark<br \/>\nK\u00fclt\u00fcr ve Turizm Bakanl\u0131\u011f\u0131<br \/>\nKurgu Odas\u0131 Film &amp; M\u00fczik Yap\u0131m<br \/>\nLionex LLC<br \/>\nMental Film Yap\u0131mc\u0131l\u0131k<br \/>\nM\u0130TA\u015e Kompozitt Plastik San. ve Tic. A.\u015e.<br \/>\nMojo &amp; More Cafe\/ Restaurant<br \/>\nNET Terc\u00fcme<br \/>\nORION Gayrimenkul \u0130n\u015f. Taah. San. Tic. Ltd. \u015eti.<br \/>\nOstimo Bili\u015fim A.\u015e.<br \/>\nOymaa\u011fa\u00e7 H\u00f6y\u00fck Excavation Project<br \/>\n\u00d6zbeko\u011flu \u0130th. \u0130hr. \u0130n\u015f. Taah. ve M\u00fch. Ltd. \u015eti.<br \/>\n\u00d6zdemir1 Grup \u00d6zel Yurt \u0130\u015fletmecili\u011fi<br \/>\nPro ITS Ak\u0131ll\u0131 Ula\u015f\u0131m Sistemleri A.\u015e.<br \/>\nPULSAR Dan\u0131\u015fmanl\u0131k Hiz. ve Tic.Ltd. \u015eti.<br \/>\nPuravida End\u00fcstriyel Tasar\u0131m San. ve Tic. Ltd. \u015eti.<br \/>\nRenta Elektrikli Ev Aletleri San. ve D\u0131\u015f. Tic Ltd. \u015eti.<br \/>\nR\u00f6nesans Holding<br \/>\nSagalassos Archaelogical Research Project<br \/>\nSitePlus<br \/>\nStand Up for Europe<br \/>\nTAKER G\u0131da ve Ticaret Ltd. \u015eti.<br \/>\nTirsan Kardan Sanayi<br \/>\nTMS Technical Modular Scaffolding &amp; Formwork<br \/>\nTRT T\u00fcrkiye Radyo Televizyon Kanal\u0131<br \/>\nTUB\u0130SAD Bili\u015fim Sanayicileri ve \u0130\u015f Adamlar\u0131 Derne\u011fi<br \/>\nTurkish- American Assoc. \u0130lkbahar Preschool<br \/>\nT\u00fcrk-Amerikan Derne\u011fi<br \/>\nTurkish Airlines<br \/>\nT\u00dcRKSOY Uluslararas\u0131 T\u00fcrk K\u00fclt\u00fcr\u00fc Te\u015fkilat\u0131<br \/>\nTurkuvaz Medya<br \/>\nUluslararas\u0131 \u00c7ocuk Merkezi<br \/>\n\u00dcnver Emlak Al\u0131m Sat\u0131\u015f Ofisi<br \/>\nVISIOTT Teknoloji San. ve Tic. Ltd. \u015eti.<br \/>\nWE Tan\u0131t\u0131m Reklam Ajans\u0131 ve Yap\u0131mc\u0131l\u0131k Hi. Ltd. \u015eti.<br \/>\nWYG International Dan\u0131\u015fmanl\u0131k A.\u015e.<br \/>\nYeniG\u00fcn Haber Ajans\u0131 Bas\u0131n ve Yay\u0131nc\u0131l\u0131k A.\u015e.<br \/>\nZEO Teknoloji A.\u015e.<\/p>\n<p><strong><a href=\"http:\/\/amer.bilkent.edu.tr\/index.php\/internship\/\">Return to Summer Training page<\/a>.<\/strong><\/p>\n","protected":false},"excerpt":{"rendered":"<p>3AR Enerji Kimya Dan\u0131\u015fmanl\u0131k ADDS Di\u015fli D\u00f6vme \u0130malat Otomotiv San. ve Tic.LTD.\u015eT\u0130. ADECCO AGE Bilgisayar Sistem Otomaston Faliyetleri SAN. ve T\u0130C. LTD. \u015eT\u0130: Alinn Otel- Sinop American B\u00fcy\u00fckel\u00e7ili\u011fi Ayakizi Akademi [&hellip;]<\/p>\n","protected":false},"author":1,"featured_media":0,"parent":0,"menu_order":0,"comment_status":"closed","ping_status":"closed","template":"","meta":{"footnotes":""},"_links":{"self":[{"href":"http:\/\/amer.bilkent.edu.tr\/index.php\/wp-json\/wp\/v2\/pages\/4686"}],"collection":[{"href":"http:\/\/amer.bilkent.edu.tr\/index.php\/wp-json\/wp\/v2\/pages"}],"about":[{"href":"http:\/\/amer.bilkent.edu.tr\/index.php\/wp-json\/wp\/v2\/types\/page"}],"author":[{"embeddable":true,"href":"http:\/\/amer.bilkent.edu.tr\/index.php\/wp-json\/wp\/v2\/users\/1"}],"replies":[{"embeddable":true,"href":"http:\/\/amer.bilkent.edu.tr\/index.php\/wp-json\/wp\/v2\/comments?post=4686"}],"version-history":[{"count":4,"href":"http:\/\/amer.bilkent.edu.tr\/index.php\/wp-json\/wp\/v2\/pages\/4686\/revisions"}],"predecessor-version":[{"id":4693,"href":"http:\/\/amer.bilkent.edu.tr\/index.php\/wp-json\/wp\/v2\/pages\/4686\/revisions\/4693"}],"wp:attachment":[{"href":"http:\/\/amer.bilkent.edu.tr\/index.php\/wp-json\/wp\/v2\/media?parent=4686"}],"curies":[{"name":"wp","href":"https:\/\/api.w.org\/{rel}","templated":true}]}}