{"id":3936,"date":"2021-12-30T07:29:15","date_gmt":"2021-12-30T07:29:15","guid":{"rendered":"http:\/\/amer.bilkent.edu.tr\/?page_id=3936"},"modified":"2025-02-14T12:29:06","modified_gmt":"2025-02-14T12:29:06","slug":"amer-290-summer-training-i","status":"publish","type":"page","link":"http:\/\/amer.bilkent.edu.tr\/index.php\/amer-290-summer-training-i\/","title":{"rendered":"Summer Training I Procedure"},"content":{"rendered":"<h4><a href=\"http:\/\/amer.bilkent.edu.tr\/index.php\/amer-290-summer-training-i-forms\/\">AMER 290 (click here for necessary forms)<\/a><\/h4>\n<p>1. Each student must apply to the company\/institution at which he\/she wants to do the four-week (20-day) internship using the \u201cApplication Letter.\u201d Each student must receive an official acceptance letter signed and stamped by a manager of the company\/institution who has the authority to decide and sign on this issue. Students must email this acceptance letter and the completed \u201cSummer Internship Student Information Form\u201d to the department secretary, <a href=\"http:\/\/amer.bilkent.edu.tr\/index.php\/mer-290-summer-training-i-general-procedure\/turkan@bilkent.edu.tr\"><strong>Fevziye<\/strong> <strong>T\u00fcrkan \u00d6zekicio\u011flu <\/strong><\/a>no later than 17:00 on 16 May 2025.<\/p>\n<p>2. Students who have been accepted to the internship must submit the \u201cEvaluation Form for Workplace\u201d to the internship supervisor at the workplace on the first internship day, to be filled at the end of the internship.<\/p>\n<p>3. At the end of the internship, the student should send an \u201cInternship Report,\u201d consisting of at least 500 words written in English, to the American Culture and Literature Department Secretariat Office, taking into account the questions in the \u201cSummer Internship Student Information Form.\u201d Students should also send the &#8220;Internship Evaluation Form&#8221; stating that he or she has completed the internship. These reports should be sent by e-mail no later than 17:00 on 5 September 2025.<\/p>\n<p>&nbsp;<\/p>\n<div class=\"cleaner\">&#8212;&#8212;&#8212;&#8212;&#8212;&#8212;&#8212;<\/div>\n<div>\n<p>&nbsp;<\/p>\n<p>1.Staj yapacak \u00f6\u011frenci, \u00f6ncelikle staj yapmak istedi\u011fi \u015firkete\/kuruma \u201cStaj B<strong>a\u015fvuru Mektubu (Application Letter) <\/strong>ile ba\u015fvurduktan sonra bir kabul yaz\u0131s\u0131 almal\u0131d\u0131r. Kabul yaz\u0131s\u0131, \u00a0\u015firketin\/kurumun bu konuda karar ve imza yetkisi olan bir y\u00f6neticisi taraf\u0131ndan imzalan\u0131p damgalanm\u0131\u015f, resmi bir yaz\u0131 olmal\u0131d\u0131r. \u00d6\u011frenci d\u00f6rt (4) hafta, di\u011fer bir deyi\u015fle yirmi (20) i\u015fg\u00fcn\u00fc boyunca yapmak zorunda oldu\u011fu staj i\u00e7in bu <strong>kabul mektubu ile <\/strong>kendisinin doldurdu\u011fu<strong> \u201cYaz Staj\u0131 \u00d6\u011frenci Bilgi Formu\u201dnu (Student Information Form) <\/strong>eposta ile hem de Fevziye han\u0131ma (<a href=\"mailto:turkan@bilkent.edu.tr\">turkan@bilkent.edu.tr<\/a>) en ge\u00e7 <strong>16 May\u0131s 2025 g\u00fcn\u00fc <\/strong>saat 17:00\u2019ye kadar eposta ile g\u00f6ndermelidir.<\/p>\n<p>2.Bu kabul mektubu ile bilgi formunu teslim eden \u00f6\u011frenci,<strong> ilk staj g\u00fcn\u00fcnde i\u015fyerindeki staj sorumlusuna, staj bitiminde doldurulacak \u201cStaj Sonu\u00e7 Belgesini\u201d (Evaluation Form for Workplace) vermelidir. <\/strong><\/p>\n<p>3<strong>.Staj bitiminde <\/strong>\u00f6\u011frenci, i\u015fyerinden verilen staj\u0131 yapt\u0131\u011f\u0131na dair<strong> Staj Sonu<\/strong><strong>\u00e7 Belgesi<\/strong> <strong>formu ile birlikte <\/strong>\u201cYaz Staj\u0131 Bilgi Formu\u201dndaki sorular\u0131 dikkate alarak, en a\u015fa\u011f\u0131 500 s\u00f6zc\u00fckten olu\u015fan, \u0130ngilizce olarak yazd\u0131\u011f\u0131 <strong>\u201cStaj Raporu\u201dnu <\/strong>da Amerikan K\u00fclt\u00fcr\u00fc ve Edebiyat\u0131 B\u00f6l\u00fcm\u00fc Sekreterlik Ofisi\u2019ne en ge\u00e7 <strong>5 Eyl\u00fcl 2025 g\u00fcn\u00fc <\/strong>saat 17:00\u2019ye kadar eposta ile g\u00f6ndermelidir.<\/p>\n<p>&nbsp;<\/p>\n<\/div>\n","protected":false},"excerpt":{"rendered":"<p>AMER 290 (click here for necessary forms) 1. Each student must apply to the company\/institution at which he\/she wants to do the four-week (20-day) internship using the \u201cApplication Letter.\u201d Each [&hellip;]<\/p>\n","protected":false},"author":1,"featured_media":0,"parent":0,"menu_order":0,"comment_status":"closed","ping_status":"closed","template":"","meta":{"footnotes":""},"_links":{"self":[{"href":"http:\/\/amer.bilkent.edu.tr\/index.php\/wp-json\/wp\/v2\/pages\/3936"}],"collection":[{"href":"http:\/\/amer.bilkent.edu.tr\/index.php\/wp-json\/wp\/v2\/pages"}],"about":[{"href":"http:\/\/amer.bilkent.edu.tr\/index.php\/wp-json\/wp\/v2\/types\/page"}],"author":[{"embeddable":true,"href":"http:\/\/amer.bilkent.edu.tr\/index.php\/wp-json\/wp\/v2\/users\/1"}],"replies":[{"embeddable":true,"href":"http:\/\/amer.bilkent.edu.tr\/index.php\/wp-json\/wp\/v2\/comments?post=3936"}],"version-history":[{"count":19,"href":"http:\/\/amer.bilkent.edu.tr\/index.php\/wp-json\/wp\/v2\/pages\/3936\/revisions"}],"predecessor-version":[{"id":4800,"href":"http:\/\/amer.bilkent.edu.tr\/index.php\/wp-json\/wp\/v2\/pages\/3936\/revisions\/4800"}],"wp:attachment":[{"href":"http:\/\/amer.bilkent.edu.tr\/index.php\/wp-json\/wp\/v2\/media?parent=3936"}],"curies":[{"name":"wp","href":"https:\/\/api.w.org\/{rel}","templated":true}]}}