{"id":3899,"date":"2021-12-29T08:24:02","date_gmt":"2021-12-29T08:24:02","guid":{"rendered":"http:\/\/amer.bilkent.edu.tr\/?page_id=3899"},"modified":"2021-12-29T08:24:02","modified_gmt":"2021-12-29T08:24:02","slug":"fevziye-turkan-ozekicioglu","status":"publish","type":"page","link":"http:\/\/amer.bilkent.edu.tr\/index.php\/fevziye-turkan-ozekicioglu\/","title":{"rendered":"Fevziye T\u00fcrkan \u00d6zekicio\u011flu"},"content":{"rendered":"<h2>Fevziye T\u00fcrkan \u00d6zekicio\u011flu<img loading=\"lazy\" decoding=\"async\" class=\"size-full wp-image-3031 alignright\" src=\"http:\/\/amer.bilkent.edu.tr\/wp-content\/uploads\/2019\/01\/fev.jpg\" alt=\"\" width=\"146\" height=\"146\" \/><\/h2>\n<h4>Administrative Assistant<\/h4>\n<p><b>Office Extension:\u00a0<\/b>1931, 1646<br \/>\n<b>E-Mail:<\/b>\u00a0turkan@bilkent.edu.tr<br \/>\n<b>Office Room:\u00a0<\/b>G-118<\/p>\n","protected":false},"excerpt":{"rendered":"<p>Fevziye T\u00fcrkan \u00d6zekicio\u011flu Administrative Assistant Office Extension:\u00a01931, 1646 E-Mail:\u00a0turkan@bilkent.edu.tr Office Room:\u00a0G-118<\/p>\n","protected":false},"author":1,"featured_media":0,"parent":0,"menu_order":0,"comment_status":"closed","ping_status":"closed","template":"","meta":{"footnotes":""},"_links":{"self":[{"href":"http:\/\/amer.bilkent.edu.tr\/index.php\/wp-json\/wp\/v2\/pages\/3899"}],"collection":[{"href":"http:\/\/amer.bilkent.edu.tr\/index.php\/wp-json\/wp\/v2\/pages"}],"about":[{"href":"http:\/\/amer.bilkent.edu.tr\/index.php\/wp-json\/wp\/v2\/types\/page"}],"author":[{"embeddable":true,"href":"http:\/\/amer.bilkent.edu.tr\/index.php\/wp-json\/wp\/v2\/users\/1"}],"replies":[{"embeddable":true,"href":"http:\/\/amer.bilkent.edu.tr\/index.php\/wp-json\/wp\/v2\/comments?post=3899"}],"version-history":[{"count":1,"href":"http:\/\/amer.bilkent.edu.tr\/index.php\/wp-json\/wp\/v2\/pages\/3899\/revisions"}],"predecessor-version":[{"id":3900,"href":"http:\/\/amer.bilkent.edu.tr\/index.php\/wp-json\/wp\/v2\/pages\/3899\/revisions\/3900"}],"wp:attachment":[{"href":"http:\/\/amer.bilkent.edu.tr\/index.php\/wp-json\/wp\/v2\/media?parent=3899"}],"curies":[{"name":"wp","href":"https:\/\/api.w.org\/{rel}","templated":true}]}}